{"id":326,"date":"2017-04-24T08:22:34","date_gmt":"2017-04-24T06:22:34","guid":{"rendered":"http:\/\/ferienwohnungenverwaltung-thiesen.de\/?page_id=326"},"modified":"2022-02-14T19:40:49","modified_gmt":"2022-02-14T18:40:49","slug":"ueber-bernkastel-kues","status":"publish","type":"page","link":"https:\/\/ferienwohnungenverwaltung-thiesen.de\/?page_id=326","title":{"rendered":"\u00fcber Bernkastel-Kues"},"content":{"rendered":"<p>Urlaub in Bernkastel-Kues! <\/p>\n<p>Nicht umsonst ist Bernkastel-Kues einer der beliebtesten Urlaubsorte an der Mosel.<\/p>\n<p>Erleben Sie die atemberaubende Mosel-Atmosph\u00e4re, eine traumhafte Altstadt voller Geschichte und Kultur.<br \/>\nGenie\u00dfen Sie die ausgezeichneten Weine, in einer der gem\u00fctlichen Weinstuben, in einem urigen Weinkeller bei einer Weinprobe beim Winzer oder w\u00e4hrend einer F\u00fchrung durch die Steillagen.<\/p>\n<p>F\u00fcr Wanderungen oder Radtouren ist Bernkastel-Kues ideal.<br \/>\nEine Schifffahrt auf der Mosel geh\u00f6rt ebenfalls einfach dazu! <\/p>\n<p>Erleben Sie die ausgelassene Stimmung der moseltypischen Wein- und Stra\u00dfenfeste oder das Flair des romantischen Weihnachtsmarktes in der Altstadt von Bernkastel-Kues<\/p>\n<p>Zu beiden Seiten des Flusses gelegen und von der malerischen Burgruine Landshut \u00fcberragt, l\u00e4dt die durch die Mosel geteilte Stadt Bernkastel-Kues zu Streifz\u00fcgen durch eine reiche, \u00fcber 2000-j\u00e4hrge Geschichte ein.<\/p>\n<p>Fachwerkh\u00e4user des Mittelalters pr\u00e4gen das Altstadtbild rund um den Marktplatz. Das wahrscheinlich pr\u00e4chtigste, mittelalterliche Fachwerk-Ensemble der Region ist hier zu bewundern. Das so zerbrechlich wirkende Spitzh\u00e4uschen, das seit 1416 auf einem viel zu kleinen Sockel balancieren scheint, das Renaissance-Rathaus von 1608, der zauberhafte Michaelsbrunnen und die Pfarrkirche St. Michael sind nur einige der zahlreichen Sehensw\u00fcrdigkeiten der Stadt. Einer der bedeutendsten Philosophen des Mittelalters erblickte hier das Licht der Welt: Nikolaus von Kues alias Cusanus, dessen Erbe in seinem Geburtshaus und in dem von ihm gegr\u00fcndeten St. Nikolaus- Hospital zu besichtigen ist. Nicht nur kulturelle, auch sportliche Aktivit\u00e4ten werden in Bernkastel-Kues gro\u00df geschrieben. Ob Radfahren entlang der Mosel, Wandern durch die Weinberge oder auf dem neuen Moselsteig: Aktiv- und Erholungsaufenthalt pur!<\/p>\n","protected":false},"excerpt":{"rendered":"<p>Urlaub in Bernkastel-Kues! Nicht umsonst ist Bernkastel-Kues einer der beliebtesten Urlaubsorte an der Mosel. Erleben Sie die atemberaubende Mosel-Atmosph\u00e4re, eine traumhafte Altstadt voller Geschichte und Kultur. Genie\u00dfen Sie die ausgezeichneten Weine, in einer der gem\u00fctlichen Weinstuben, in einem urigen Weinkeller bei einer Weinprobe beim Winzer oder w\u00e4hrend einer F\u00fchrung durch die Steillagen. F\u00fcr Wanderungen oder [&hellip;]<\/p>\n","protected":false},"author":1,"featured_media":0,"parent":0,"menu_order":0,"comment_status":"closed","ping_status":"closed","template":"","meta":{"ngg_post_thumbnail":0},"_links":{"self":[{"href":"https:\/\/ferienwohnungenverwaltung-thiesen.de\/index.php?rest_route=\/wp\/v2\/pages\/326"}],"collection":[{"href":"https:\/\/ferienwohnungenverwaltung-thiesen.de\/index.php?rest_route=\/wp\/v2\/pages"}],"about":[{"href":"https:\/\/ferienwohnungenverwaltung-thiesen.de\/index.php?rest_route=\/wp\/v2\/types\/page"}],"author":[{"embeddable":true,"href":"https:\/\/ferienwohnungenverwaltung-thiesen.de\/index.php?rest_route=\/wp\/v2\/users\/1"}],"replies":[{"embeddable":true,"href":"https:\/\/ferienwohnungenverwaltung-thiesen.de\/index.php?rest_route=%2Fwp%2Fv2%2Fcomments&post=326"}],"version-history":[{"count":4,"href":"https:\/\/ferienwohnungenverwaltung-thiesen.de\/index.php?rest_route=\/wp\/v2\/pages\/326\/revisions"}],"predecessor-version":[{"id":446,"href":"https:\/\/ferienwohnungenverwaltung-thiesen.de\/index.php?rest_route=\/wp\/v2\/pages\/326\/revisions\/446"}],"wp:attachment":[{"href":"https:\/\/ferienwohnungenverwaltung-thiesen.de\/index.php?rest_route=%2Fwp%2Fv2%2Fmedia&parent=326"}],"curies":[{"name":"wp","href":"https:\/\/api.w.org\/{rel}","templated":true}]}}