{"id":328,"date":"2017-04-24T08:22:47","date_gmt":"2017-04-24T06:22:47","guid":{"rendered":"http:\/\/ferienwohnungenverwaltung-thiesen.de\/?page_id=328"},"modified":"2023-03-16T14:24:16","modified_gmt":"2023-03-16T13:24:16","slug":"aktivitaeten","status":"publish","type":"page","link":"https:\/\/ferienwohnungenverwaltung-thiesen.de\/?page_id=328","title":{"rendered":"Aktivit\u00e4ten"},"content":{"rendered":"<p><strong>Radfahren<\/strong><br \/>\nDie Mosel ist die ideale Region f\u00fcr einen gelungenen Radurlaub. Ob entlang des Flusses, vorbei an steilen Weinbergen und romantischen Weind\u00f6rfern, durch W\u00e4lder und Single-Trails auf dem Mountainbike oder entspannt mit dem E-Bike: Radvergn\u00fcgen pur!<\/p>\n<p>Der Moselradweg: 300 Kilometer durch das Tal der Mosel<br \/>\nUrlauber an der Mosel, die auf dem gut ausgebauten Fernweg mit dem Rad unterwegs sind, k\u00f6nnen sich der romantischen Idylle der Moselkulturlandschaft nicht entziehen: romantische Weind\u00f6rfer mit freundlichen Gastgebern, ber\u00fchmte St\u00e4dte und historische Denkm\u00e4ler und die steilen Weinberge der Mosel &#8230; Der Radweg f\u00fchrt teils auf eigenen Wegen, teils Stra\u00dfen begleitend. Er ist weitgehend asphaltiert und weist nur geringe Steigungen auf.<\/p>\n<p>Maare-Mosel-Radweg: das Beste zweier Welten<br \/>\nDer Maare-Mosel-Radweg f\u00fchrt den Radurlauber auf der ehemaligen Bahntrasse gleich durch zwei bemerkenswerte Regionen: Die eindrucksvollen Kulturlandschaften der Mosel und der Eifel. Herrliche Maare, gewaltige Viadukte, schattenspendende W\u00e4lder: ein Radvergn\u00fcgen der besonderen Art. F\u00fcr diese Radtour steht auch ein regelm\u00e4\u00dfig-verkehrender Radler-Bus zur Verf\u00fcgung, der regelm\u00e4\u00dfig zwischen Bernkastel-Kues und Daun verkehrt.<\/p>\n<p>Mit dem E-Bike durch die Naturlandschaft von Mosel und Hunsr\u00fcck<br \/>\nMit leichter Unterst\u00fctzung aus der Steckdose sind auch die H\u00fcgel und leichten Anstiege der Mosel,- Eifel- und Hunsr\u00fcckregion leicht zu er radeln. Die abwechslungsreichen Radwege im Ferienland Bernkastel-Kues sind ideal f\u00fcr eine Mosel-Rad-Erkundungstour.<\/p>\n<p>Mountainbike-Fahrvergn\u00fcgen auf zertifizierten Strecken<br \/>\nKnackige Anstiege, rasante Downhills und flowige Trails: Wer die sportliche Herausforderung sucht, findet im Ferienland Bernkastel-Kues die passenden Strecken.<br \/>\nSpannend und anspruchsvoll ist z. B. die vom DIMB e.V. zertifizierte \u201eZwei Schanzentour Bernkastel nach Trarbach\u201c: anspruchsvolle 32 Kilometer und ca. 1.100 H\u00f6henmetern &#8230;<\/p>\n<p>Radpauschalen f\u00fcr einen gelungenen den Urlaub an der Mosel.<br \/>\nOb ein oder mehrere Tage, die Mosel bietet so viel Abwechslung, Spa\u00df und Zerstreuung. \u00dcberlassen Sie uns die Planung &#8211; unsere Arrangements garantieren Ihnen eine herrliche Zeit im Mosel-Ferienland Bernkastel-Kues.<\/p>\n<p><strong>Wandern<\/strong><\/p>\n<p>Hier gibt\u2019s herrliche Aussichtspunkte, steile Weinlagen, abwechslungsreiche F\u00fchrungen, kulinarische Erlebnisse.<br \/>\nWer die sportliche Herausforderung sucht und gerne klettert, ist im Ferienland ebenso richtig wie Genusswanderer und Familien mit Kindern.<\/p>\n<p>Genussvolles und Sportliches<br \/>\nDie Weine der Mosel sind ber\u00fchmt \u2013 und eine gef\u00fchrte WeinErlebnisTour mit Weinprobe durch die Steillagen ist die perfekte Symbiose von Wein und Wandern. Natur und Kunst bietet der Skulpturenweg &#8222;Wehlener Obst Art&#8220;, mediterranes Flair der \u201e\u00dcrziger Gew\u00fcrzgarten\u201c oder der Sortengarten in Zeltingen-Rachtig. Historisch wandert es sich auf dem \u201eGrafen, Gold und Schwarzer Peter\u201c-Kulturweg durch die Grafschaft Veldenz.<\/p>\n<p>Familienfreundliche Routen<br \/>\nEine sch\u00f6ne Wanderung f\u00fcr die ganze Familie findet sich beispielsweise auf dem Napoleonweg in Kesten. Hier sollen schon Napoleon und Julius C\u00e4sar Rast bzw. Station gemacht haben. Der 7 km lange Rundwanderweg mit seinen leichten Anstiegen ist auch f\u00fcr \u201ekleine\u201c Wanderer gut zu absolvieren. Der Themenweg &#8222;Der Natur auf der Spur&#8220; im Weinort L\u00f6snich oder der Walderlebnispfad Lieser mit seinen 20 Erlebnisstationen bieten sich gleichfalls f\u00fcr Familien mit Kindern an.<\/p>\n<p>Steil-Aufstiege<br \/>\nKondition, Trittsicherheit, Schwindelfreiheit und geeignetes Schuhwerk setzt der Kletterweg &#8222;Erdener Treppchen\/Pr\u00e4lat&#8220; voraus. Der zehn Kilometer lange, atemberaubende Rundweg f\u00fchrt von der r\u00f6mischen Kelterstation am Moselufer \u00fcber enge Pfade und Leitern zu den hohen Felsen der Erdener<br \/>\nFelsengruppe. Doch der spannende Aufstieg lohnt\u2026<\/p>\n<p>Spannende Wanderevents<br \/>\nGleich 5 Etappen und drei Partnerwege (sogenannte Seitenspr\u00fcnge) des Qualit\u00e4tswanderwegs Moselsteig verlaufen durch das Ferienland Bernkastel-Kues und machen damit die vielf\u00e4ltige und facettenreiche Moselkulturlandschaft erwanderbar.<\/p>\n<p><strong>Weine<\/strong><br \/>\nWein-Genuss an der Mosel<br \/>\nDas Mosel-Ferienland Bernkastel-Kues ist f\u00fcr seine ber\u00fchmten Weinlagen bekannt. Die Winzer der Mittelmosel keltern in ihren Weing\u00fctern in erster Linie Rieslingweine, aber auch frischen Elbling, fruchtigen Kerner sowie Wei\u00df- und Grauburgunder.<\/p>\n<p>Mineralische, feinfruchtige Wei\u00dfweine mit relativ niedrigem Alkoholgehalt sind das Kennzeichen der Winzer und Weing\u00fcter des Weinanbaugebietes Mosel. Weine, die besonders gut zu einem modernen Lebensstil und zur leichten K\u00fcche mit internationalen Einfl\u00fcssen passen.<\/p>\n<p><strong>Feste und Kultur<\/strong><br \/>\nMittelalter und Moderne, Frohsinn und Feingeist, Kultur und z\u00fcnftige Feste: das Ferienland Bernkastel-Kues bietet ein buntes Kaleidoskop kultureller Events und fr\u00f6hlichem Miteinander.<\/p>\n<p>Wo die Weinkultur zu Hause ist, da sind auch die Feste nicht weit<br \/>\nUnd die feiert man hier im Ferienland Bernkastel-Kues: Beispielsweise mit einem Glas voller Lebenslust bei einem der zahlreichen Wein- und Stra\u00dfenfesten. Das Weinfest der Mittelmosel lockt jedes Jahr am ersten Wochenende im September fast 200.000 Besucher in die Moselstadt. An f\u00fcnf Tagen wird dann mit Feuerwerk und gro\u00dfem Korso in vollen Z\u00fcgen dem Wein gehuldigt. Etwas intimer sind dagegen die die \u201eTage der offenen Weinkeller\u201c, die traditionell im Mai und Juni stattfinden und den Anfang der j\u00e4hrlichen Weingenuss-Saison darstellen.<\/p>\n<p>Weltstars zum Anfassen<br \/>\nEs ist das Highlight im Kultursommer Rheinland-Pfalz! Nahezu 20.000 Konzertbesucher pro Jahr sprechen f\u00fcr sich. Jahr f\u00fcr Jahr schafft es das Mosel Musikfestival Stars und junge Talente auf die B\u00fchnen der Region zu bringen. Das mittlerweile gr\u00f6\u00dfte klassische Musikfestival in Rheinland-Pfalz hat seinen Ursprung in Bernkastel-Kues. Neben dem ehrw\u00fcrdigen Cusanusstift und dem prachtvollen Barocksaal von Kloster Machern diesen auch Weing\u00fcter und Kirchen im Ferienland Bernkastel-Kues als Kulisse.<\/p>\n<p><strong>Der Weihnachtsmarkt in Bernkastel-Kues lockt mit besonderen Attraktionen<\/strong><br \/>\nGlitzernde Lichter, traditionelles Kunsthandwerk und verlockende Ger\u00fcche nach Lebkuchen und Gl\u00fchwein: F\u00fcr immer mehr Menschen geh\u00f6rt ein Bummel \u00fcber einen Weihnachtsmarkt zur Adventszeit einfach dazu. Vor allem, wenn er so stimmungsvoll ist wie etwa in Bernkastel-Kues. Was Besuchern vom 21. November bis 20. Dezember in der sch\u00f6nen Fachwerkstadt an der Mosel in Rheinland-Pfalz geboten wird, geht jedoch weit \u00fcber das &#8222;normale&#8220; Programm eines Weihnachtsmarktes hinaus. Vom Fackelschwimmen in der Mosel \u00fcber ein Feuerwerk bis hin zu einer Nikolauswanderung ist alles dabei.<\/p>\n<p><strong>Stadtf\u00fchrungen<\/strong><\/p>\n<p>Unterwegs in der romantischen Altstadt<br \/>\nAuf eigene Faust mit dem Audio-Guide oder unter der Obhut des Doctors &#8211; sch\u00f6n ist es immer!<\/p>\n<p>Genie\u00dfen Sie in Ihrem Urlaub spannende und abwechslungsreiche F\u00fchrungen durch die Altstadt von Bernkastel-Kues. Der \u201eBernkasteler Doctor\u201c schenkt Ihnen bei der nach ihm benannten F\u00fchrung gerne reinen Wein ein \u2013 buchst\u00e4blich \u2026! Mit unserem Audio-Guide k\u00f6nnen Sie auch auf eigene Faust durch Bernkastel-Kues spazieren und die vielen<br \/>\nAttraktionen unserer Stadt kennenlernen.<\/p>\n","protected":false},"excerpt":{"rendered":"<p>Radfahren Die Mosel ist die ideale Region f\u00fcr einen gelungenen Radurlaub. Ob entlang des Flusses, vorbei an steilen Weinbergen und romantischen Weind\u00f6rfern, durch W\u00e4lder und Single-Trails auf dem Mountainbike oder entspannt mit dem E-Bike: Radvergn\u00fcgen pur! Der Moselradweg: 300 Kilometer durch das Tal der Mosel Urlauber an der Mosel, die auf dem gut ausgebauten Fernweg [&hellip;]<\/p>\n","protected":false},"author":1,"featured_media":0,"parent":0,"menu_order":0,"comment_status":"closed","ping_status":"closed","template":"","meta":{"ngg_post_thumbnail":0},"_links":{"self":[{"href":"https:\/\/ferienwohnungenverwaltung-thiesen.de\/index.php?rest_route=\/wp\/v2\/pages\/328"}],"collection":[{"href":"https:\/\/ferienwohnungenverwaltung-thiesen.de\/index.php?rest_route=\/wp\/v2\/pages"}],"about":[{"href":"https:\/\/ferienwohnungenverwaltung-thiesen.de\/index.php?rest_route=\/wp\/v2\/types\/page"}],"author":[{"embeddable":true,"href":"https:\/\/ferienwohnungenverwaltung-thiesen.de\/index.php?rest_route=\/wp\/v2\/users\/1"}],"replies":[{"embeddable":true,"href":"https:\/\/ferienwohnungenverwaltung-thiesen.de\/index.php?rest_route=%2Fwp%2Fv2%2Fcomments&post=328"}],"version-history":[{"count":6,"href":"https:\/\/ferienwohnungenverwaltung-thiesen.de\/index.php?rest_route=\/wp\/v2\/pages\/328\/revisions"}],"predecessor-version":[{"id":4196,"href":"https:\/\/ferienwohnungenverwaltung-thiesen.de\/index.php?rest_route=\/wp\/v2\/pages\/328\/revisions\/4196"}],"wp:attachment":[{"href":"https:\/\/ferienwohnungenverwaltung-thiesen.de\/index.php?rest_route=%2Fwp%2Fv2%2Fmedia&parent=328"}],"curies":[{"name":"wp","href":"https:\/\/api.w.org\/{rel}","templated":true}]}}